{"id":200,"date":"2024-01-07T18:02:16","date_gmt":"2024-01-07T18:02:16","guid":{"rendered":"http:\/\/massageundkraut.ch\/?page_id=200"},"modified":"2025-09-16T18:16:42","modified_gmt":"2025-09-16T18:16:42","slug":"fussreflexzonenmassage","status":"publish","type":"page","link":"https:\/\/massageundkraut.ch\/index.php\/fussreflexzonenmassage\/","title":{"rendered":"Fussreflexzonenmassage"},"content":{"rendered":"\n<p>In den F\u00fcssen kommen alle Reflexzonen des K\u00f6rpers zusammen. Mit&nbsp;Fussreflexzonenmassage&nbsp;k\u00f6nnen alle Organe und K\u00f6rperfunktionen beruhigt oder angeregt werden. K\u00f6rper und Geist kommen in Fluss und Prozesse werden unterst\u00fctzt.<br>Empfehlenswert bei:<br>&#8211; Erk\u00e4ltung, chronisch oder akut<br>&#8211; Verdauungsprobleme, Verstopfung, Durchfall<br>&#8211; Gelenk- &amp; Muskelschmerzen<br>&#8211; Hexenschuss<br>&#8211; Mensbeschwerden<br>&#8211; Stress &amp; Nervosit\u00e4t<br>&#8211; Schlafprobleme<br>&#8211; und vieles mehr &#8230;<\/p>\n\n\n\n<p>Ich rechne NICHT \u00fcber die Krankenkasse ab<\/p>\n\n\n\n<p>Preis: 1 h &#8211; Fr. 90.- \/ Barzahlung oder twint<\/p>\n\n\n\n<hr class=\"wp-block-separator has-alpha-channel-opacity\"\/>\n\n\n\n<figure class=\"wp-block-image size-full is-resized\"><img loading=\"lazy\" decoding=\"async\" width=\"580\" height=\"160\" src=\"https:\/\/massageundkraut.ch\/wp-content\/uploads\/2024\/06\/logo_bern.png\" alt=\"\" class=\"wp-image-238\" style=\"width:215px;height:auto\" srcset=\"https:\/\/massageundkraut.ch\/wp-content\/uploads\/2024\/06\/logo_bern.png 580w, https:\/\/massageundkraut.ch\/wp-content\/uploads\/2024\/06\/logo_bern-300x83.png 300w\" sizes=\"auto, (max-width: 580px) 100vw, 580px\" \/><figcaption class=\"wp-element-caption\">Preis: 1 h &#8211; Fr. 50.- \/ Barzahlung oder twint<\/figcaption><\/figure>\n","protected":false},"excerpt":{"rendered":"<p>In den F\u00fcssen kommen alle Reflexzonen des K\u00f6rpers zusammen. Mit&nbsp;Fussreflexzonenmassage&nbsp;k\u00f6nnen alle Organe und K\u00f6rperfunktionen beruhigt oder angeregt werden. K\u00f6rper und Geist kommen in Fluss und Prozesse werden unterst\u00fctzt.Empfehlenswert bei:&#8211; Erk\u00e4ltung, chronisch oder akut&#8211; Verdauungsprobleme, Verstopfung, Durchfall&#8211; Gelenk- &amp; Muskelschmerzen&#8211; Hexenschuss&#8211; Mensbeschwerden&#8211; Stress &amp; Nervosit\u00e4t&#8211; Schlafprobleme&#8211; und vieles mehr &#8230; Ich rechne NICHT \u00fcber die Krankenkasse [&hellip;]<\/p>\n","protected":false},"author":1,"featured_media":0,"parent":0,"menu_order":0,"comment_status":"closed","ping_status":"closed","template":"","meta":{"footnotes":""},"class_list":["post-200","page","type-page","status-publish","hentry"],"_links":{"self":[{"href":"https:\/\/massageundkraut.ch\/index.php\/wp-json\/wp\/v2\/pages\/200","targetHints":{"allow":["GET"]}}],"collection":[{"href":"https:\/\/massageundkraut.ch\/index.php\/wp-json\/wp\/v2\/pages"}],"about":[{"href":"https:\/\/massageundkraut.ch\/index.php\/wp-json\/wp\/v2\/types\/page"}],"author":[{"embeddable":true,"href":"https:\/\/massageundkraut.ch\/index.php\/wp-json\/wp\/v2\/users\/1"}],"replies":[{"embeddable":true,"href":"https:\/\/massageundkraut.ch\/index.php\/wp-json\/wp\/v2\/comments?post=200"}],"version-history":[{"count":18,"href":"https:\/\/massageundkraut.ch\/index.php\/wp-json\/wp\/v2\/pages\/200\/revisions"}],"predecessor-version":[{"id":281,"href":"https:\/\/massageundkraut.ch\/index.php\/wp-json\/wp\/v2\/pages\/200\/revisions\/281"}],"wp:attachment":[{"href":"https:\/\/massageundkraut.ch\/index.php\/wp-json\/wp\/v2\/media?parent=200"}],"curies":[{"name":"wp","href":"https:\/\/api.w.org\/{rel}","templated":true}]}}