{"id":80,"date":"2022-12-30T17:52:20","date_gmt":"2022-12-30T16:52:20","guid":{"rendered":"https:\/\/massageundkraut.wordpress.com\/kraeuterkurse6\/"},"modified":"2024-03-27T13:45:52","modified_gmt":"2024-03-27T13:45:52","slug":"kraeuterkurse6","status":"publish","type":"page","link":"https:\/\/massageundkraut.ch\/index.php\/kraeuterkurse6\/","title":{"rendered":"Kr\u00e4uterkurse"},"content":{"rendered":"\n<p>In meinen Kursen m\u00f6chte ich die Freude und Lust am Integrieren von Kr\u00e4utern im Alltag f\u00f6rdern.&nbsp;<\/p>\n\n\n\n<p>Achtsam die Sch\u00e4tze der Natur (wieder) entdecken.<\/p>\n\n\n\n<p>_________________________________________________________________________________________<\/p>\n\n\n\n<p><\/p>\n\n\n\n<p>F\u00fcr Gruppenanl\u00e4sse stelle ich Ihnen gerne einen individuellen Workshop zusammen. Bitte nehmen Sie mit mir Kontakt auf, damit wir Ihre Vorstellungen und W\u00fcnsche besprechen k\u00f6nnen.<\/p>\n","protected":false},"excerpt":{"rendered":"<p>In meinen Kursen m\u00f6chte ich die Freude und Lust am Integrieren von Kr\u00e4utern im Alltag f\u00f6rdern.&nbsp; Achtsam die Sch\u00e4tze der Natur (wieder) entdecken. _________________________________________________________________________________________ F\u00fcr Gruppenanl\u00e4sse stelle ich Ihnen gerne einen individuellen Workshop zusammen. Bitte nehmen Sie mit mir Kontakt auf, damit wir Ihre Vorstellungen und W\u00fcnsche besprechen k\u00f6nnen.<\/p>\n","protected":false},"author":2,"featured_media":0,"parent":0,"menu_order":0,"comment_status":"closed","ping_status":"closed","template":"","meta":{"footnotes":""},"class_list":["post-80","page","type-page","status-publish","hentry"],"_links":{"self":[{"href":"https:\/\/massageundkraut.ch\/index.php\/wp-json\/wp\/v2\/pages\/80","targetHints":{"allow":["GET"]}}],"collection":[{"href":"https:\/\/massageundkraut.ch\/index.php\/wp-json\/wp\/v2\/pages"}],"about":[{"href":"https:\/\/massageundkraut.ch\/index.php\/wp-json\/wp\/v2\/types\/page"}],"author":[{"embeddable":true,"href":"https:\/\/massageundkraut.ch\/index.php\/wp-json\/wp\/v2\/users\/2"}],"replies":[{"embeddable":true,"href":"https:\/\/massageundkraut.ch\/index.php\/wp-json\/wp\/v2\/comments?post=80"}],"version-history":[{"count":11,"href":"https:\/\/massageundkraut.ch\/index.php\/wp-json\/wp\/v2\/pages\/80\/revisions"}],"predecessor-version":[{"id":225,"href":"https:\/\/massageundkraut.ch\/index.php\/wp-json\/wp\/v2\/pages\/80\/revisions\/225"}],"wp:attachment":[{"href":"https:\/\/massageundkraut.ch\/index.php\/wp-json\/wp\/v2\/media?parent=80"}],"curies":[{"name":"wp","href":"https:\/\/api.w.org\/{rel}","templated":true}]}}