{"id":84,"date":"2022-12-30T17:54:57","date_gmt":"2022-12-30T16:54:57","guid":{"rendered":"https:\/\/massageundkraut.wordpress.com\/sonja-wuermli\/"},"modified":"2024-12-12T20:20:20","modified_gmt":"2024-12-12T20:20:20","slug":"sonja-wuermli","status":"publish","type":"page","link":"https:\/\/massageundkraut.ch\/index.php\/sonja-wuermli\/","title":{"rendered":"Sonja W\u00fcrmli"},"content":{"rendered":"\n<div class=\"wp-block-media-text alignwide has-media-on-the-right is-stacked-on-mobile is-vertically-aligned-center is-style-default\" style=\"grid-template-columns:auto 29%\"><div class=\"wp-block-media-text__content\">\n<p><strong>Aus- &amp; Weiterbildungen<\/strong>:<br><\/p>\n\n\n\n<p>2024 Fussreflexzonen-Massage Therapie (Bio-Medica)<br>2024 Fussreflexzonen: Lymphbehandlung (Bio-Medica)<br>2024 Myofasciale Triggerpunkt-Therapie und<br> passive Dehnungen (Bodyfeet)<br>2023 Problemmacher Iliopsoas (Bodyfeet)<br>2023 Kopfschmerz- und Migr\u00e4netherapie (Bodyfeet)<br>2022 Diplom Berufsmasseurin (Bodyfeet)<br>2021 &#8211; 2022 Vertiefung Heilkr\u00e4uterkunde (Inforama)<br>2020 &#8211; 2021 Kr\u00e4uter-Seminar (Inforama)<br>2007 &#8211; 2010 Ausbildung zur Sozialp\u00e4dagogin HF<br>1994 &#8211; 1998 Kurse Reflexzonen der F\u00fcsse (A. Schenk) <br>1981 &#8211; 1984 Ausbildung zur Innendekorateurin<\/p>\n<\/div><figure class=\"wp-block-media-text__media\"><img loading=\"lazy\" decoding=\"async\" width=\"445\" height=\"680\" src=\"https:\/\/massageundkraut.ch\/wp-content\/uploads\/2023\/03\/20230331_204739.jpg\" alt=\"\" class=\"wp-image-178 size-full\" srcset=\"https:\/\/massageundkraut.ch\/wp-content\/uploads\/2023\/03\/20230331_204739.jpg 445w, https:\/\/massageundkraut.ch\/wp-content\/uploads\/2023\/03\/20230331_204739-196x300.jpg 196w\" sizes=\"auto, (max-width: 445px) 100vw, 445px\" \/><\/figure><\/div>\n","protected":false},"excerpt":{"rendered":"<p>Aus- &amp; Weiterbildungen: 2024 Fussreflexzonen-Massage Therapie (Bio-Medica)2024 Fussreflexzonen: Lymphbehandlung (Bio-Medica)2024 Myofasciale Triggerpunkt-Therapie und passive Dehnungen (Bodyfeet)2023 Problemmacher Iliopsoas (Bodyfeet)2023 Kopfschmerz- und Migr\u00e4netherapie (Bodyfeet)2022 Diplom Berufsmasseurin (Bodyfeet)2021 &#8211; 2022 Vertiefung Heilkr\u00e4uterkunde (Inforama)2020 &#8211; 2021 Kr\u00e4uter-Seminar (Inforama)2007 &#8211; 2010 Ausbildung zur Sozialp\u00e4dagogin HF1994 &#8211; 1998 Kurse Reflexzonen der F\u00fcsse (A. Schenk) 1981 &#8211; 1984 Ausbildung zur Innendekorateurin<\/p>\n","protected":false},"author":2,"featured_media":0,"parent":0,"menu_order":0,"comment_status":"closed","ping_status":"closed","template":"","meta":{"footnotes":""},"class_list":["post-84","page","type-page","status-publish","hentry"],"_links":{"self":[{"href":"https:\/\/massageundkraut.ch\/index.php\/wp-json\/wp\/v2\/pages\/84","targetHints":{"allow":["GET"]}}],"collection":[{"href":"https:\/\/massageundkraut.ch\/index.php\/wp-json\/wp\/v2\/pages"}],"about":[{"href":"https:\/\/massageundkraut.ch\/index.php\/wp-json\/wp\/v2\/types\/page"}],"author":[{"embeddable":true,"href":"https:\/\/massageundkraut.ch\/index.php\/wp-json\/wp\/v2\/users\/2"}],"replies":[{"embeddable":true,"href":"https:\/\/massageundkraut.ch\/index.php\/wp-json\/wp\/v2\/comments?post=84"}],"version-history":[{"count":11,"href":"https:\/\/massageundkraut.ch\/index.php\/wp-json\/wp\/v2\/pages\/84\/revisions"}],"predecessor-version":[{"id":246,"href":"https:\/\/massageundkraut.ch\/index.php\/wp-json\/wp\/v2\/pages\/84\/revisions\/246"}],"wp:attachment":[{"href":"https:\/\/massageundkraut.ch\/index.php\/wp-json\/wp\/v2\/media?parent=84"}],"curies":[{"name":"wp","href":"https:\/\/api.w.org\/{rel}","templated":true}]}}